{"id":40,"date":"2024-12-25T07:37:53","date_gmt":"2024-12-25T07:37:53","guid":{"rendered":"https:\/\/www.yahyauzun.com\/?page_id=40"},"modified":"2025-01-07T08:09:58","modified_gmt":"2025-01-07T08:09:58","slug":"hakkimda","status":"publish","type":"page","link":"https:\/\/www.yahyauzun.com\/index.php\/hakkimda\/","title":{"rendered":"Hakk\u0131mda"},"content":{"rendered":"\t\t<div data-elementor-type=\"wp-page\" data-elementor-id=\"40\" class=\"elementor elementor-40\">\n\t\t\t\t<div class=\"elementor-element elementor-element-3c6cc82 e-flex e-con-boxed e-con e-parent\" data-id=\"3c6cc82\" data-element_type=\"container\">\n\t\t\t\t\t<div class=\"e-con-inner\">\n\t\t<div class=\"elementor-element elementor-element-4472581 e-con-full e-flex elementor-invisible e-con e-child\" data-id=\"4472581\" data-element_type=\"container\" data-settings=\"{&quot;animation&quot;:&quot;fadeInDown&quot;}\">\n\t\t\t\t<div class=\"elementor-element elementor-element-7df0009 elementor-invisible elementor-widget elementor-widget-heading\" data-id=\"7df0009\" data-element_type=\"widget\" data-settings=\"{&quot;_animation&quot;:&quot;fadeIn&quot;}\" data-widget_type=\"heading.default\">\n\t\t\t\t<div class=\"elementor-widget-container\">\n\t\t\t\t\t<h2 class=\"elementor-heading-title elementor-size-default\">YAHYA UZUN<\/h2>\t\t\t\t<\/div>\n\t\t\t\t<\/div>\n\t\t\t\t<\/div>\n\t\t\t\t\t<\/div>\n\t\t\t\t<\/div>\n\t\t<div class=\"elementor-element elementor-element-ea5767a e-flex e-con-boxed e-con e-parent\" data-id=\"ea5767a\" data-element_type=\"container\">\n\t\t\t\t\t<div class=\"e-con-inner\">\n\t\t<div class=\"elementor-element elementor-element-1597d51 e-con-full e-flex elementor-invisible e-con e-child\" data-id=\"1597d51\" data-element_type=\"container\" data-settings=\"{&quot;animation&quot;:&quot;fadeInDown&quot;}\">\n\t\t\t\t<div class=\"elementor-element elementor-element-95d6f3e elementor-invisible elementor-widget elementor-widget-text-editor\" data-id=\"95d6f3e\" data-element_type=\"widget\" data-settings=\"{&quot;_animation&quot;:&quot;fadeIn&quot;}\" data-widget_type=\"text-editor.default\">\n\t\t\t\t<div class=\"elementor-widget-container\">\n\t\t\t\t\t\t\t\t\t<p><audio class=\"audio-for-speech\"><\/audio><\/p><div class=\"translate-tooltip-mtz blue sm-root translate hidden_translate\"><div class=\"header-wrapper\"><div class=\"header-controls\">\u00a0<\/div><\/div><\/div><p>BORSA VE YATIRIM STRATEJ\u0130ST\u0130<\/p>\t\t\t\t\t\t\t\t<\/div>\n\t\t\t\t<\/div>\n\t\t\t\t<\/div>\n\t\t\t\t\t<\/div>\n\t\t\t\t<\/div>\n\t\t<div class=\"elementor-element elementor-element-e1069c2 e-flex e-con-boxed e-con e-parent\" data-id=\"e1069c2\" data-element_type=\"container\">\n\t\t\t\t\t<div class=\"e-con-inner\">\n\t\t\t\t<div class=\"elementor-element elementor-element-aadf433 elementor-widget elementor-widget-heading\" data-id=\"aadf433\" data-element_type=\"widget\" data-widget_type=\"heading.default\">\n\t\t\t\t<div class=\"elementor-widget-container\">\n\t\t\t\t\t<h2 class=\"elementor-heading-title elementor-size-default\">Hakk\u0131mda<\/h2>\t\t\t\t<\/div>\n\t\t\t\t<\/div>\n\t\t\t\t\t<\/div>\n\t\t\t\t<\/div>\n\t\t<div class=\"elementor-element elementor-element-dd8a76a e-flex e-con-boxed e-con e-parent\" data-id=\"dd8a76a\" data-element_type=\"container\">\n\t\t\t\t\t<div class=\"e-con-inner\">\n\t\t\t\t<div class=\"elementor-element elementor-element-2bb2fc4 elementor-widget elementor-widget-text-editor\" data-id=\"2bb2fc4\" data-element_type=\"widget\" data-widget_type=\"text-editor.default\">\n\t\t\t\t<div class=\"elementor-widget-container\">\n\t\t\t\t\t\t\t\t\t<p><audio class=\"audio-for-speech\"><\/audio><\/p><p>\u00a0<\/p><p>1981 Siirt do\u011fumluyum. Lise e\u011fitimimi \u0130stanbul Cerrahpa\u015fa\u2019daki Davutpa\u015fa Lisesi\u2019nde, \u00fcniversite lisans e\u011fitimimi, Amerika Birle\u015fik Devletleri\u2019nin New York eyaletinde bulunan Berkeley College\u2019de, Uluslararas\u0131 \u0130\u015fletme (International Business) b\u00f6l\u00fcm\u00fcnde tamamlad\u0131m.<\/p><p>E\u011fitimim s\u00fcresince ge\u00e7imimi sa\u011flamak i\u00e7in farkl\u0131 alanlarda bir\u00e7ok i\u015fte \u00e7al\u0131\u015ft\u0131m. 7 y\u0131ll\u0131k ABD ser\u00fcvenimin ard\u0131ndan 2011 y\u0131l\u0131nda T\u00fcrkiye\u2019ye d\u00f6nd\u00fcm.<\/p><p>T\u00fcrkiye\u2019de 2011-2018 y\u0131llar\u0131 aras\u0131nda \u0130ndeks firmas\u0131nda y\u00f6netici pozisyonlar\u0131nda g\u00f6rev yapt\u0131m. Daha sonra, 2018 y\u0131l\u0131nda T\u00fcrk Havac\u0131l\u0131k ve Uzay Sanayii b\u00fcnyesinde Sat\u0131n Alma b\u00f6l\u00fcm\u00fcnde bir y\u0131l s\u00fcreyle \u00e7al\u0131\u015ft\u0131m. Ancak kariyerimde farkl\u0131 bir yol izlemeye karar vererek, i\u015f hayat\u0131mdan ayr\u0131ld\u0131m.<\/p><p>Yakla\u015f\u0131k 20 y\u0131l \u00f6nce ba\u015flayan ABD borsalar\u0131ndaki yat\u0131r\u0131mc\u0131l\u0131k ve day-trader (g\u00fcnl\u00fck al-sat) yolculu\u011fumu, 2019 y\u0131l\u0131ndan itibaren tam zamanl\u0131 bir day-trader olarak s\u00fcrd\u00fcrmekteyim.<\/p><p>Evli ve iki \u00e7ocuk babas\u0131y\u0131m.<\/p>\t\t\t\t\t\t\t\t<\/div>\n\t\t\t\t<\/div>\n\t\t\t\t\t<\/div>\n\t\t\t\t<\/div>\n\t\t\t\t<\/div>\n\t\t","protected":false},"excerpt":{"rendered":"<p>YAHYA UZUN \u00a0 BORSA VE YATIRIM STRATEJ\u0130ST\u0130 Hakk\u0131mda \u00a0 1981 Siirt do\u011fumluyum. Lise e\u011fitimimi \u0130stanbul Cerrahpa\u015fa\u2019daki Davutpa\u015fa Lisesi\u2019nde, \u00fcniversite lisans e\u011fitimimi, Amerika Birle\u015fik Devletleri\u2019nin New York eyaletinde bulunan Berkeley College\u2019de, Uluslararas\u0131 \u0130\u015fletme (International Business) b\u00f6l\u00fcm\u00fcnde tamamlad\u0131m. E\u011fitimim s\u00fcresince ge\u00e7imimi sa\u011flamak i\u00e7in farkl\u0131 alanlarda bir\u00e7ok i\u015fte \u00e7al\u0131\u015ft\u0131m. 7 y\u0131ll\u0131k ABD ser\u00fcvenimin ard\u0131ndan 2011 y\u0131l\u0131nda T\u00fcrkiye\u2019ye d\u00f6nd\u00fcm.&hellip;<\/p>\n","protected":false},"author":1,"featured_media":0,"parent":0,"menu_order":0,"comment_status":"closed","ping_status":"closed","template":"elementor_header_footer","meta":{"footnotes":""},"class_list":["post-40","page","type-page","status-publish","hentry"],"yoast_head":"<!-- This site is optimized with the Yoast SEO plugin v24.1 - https:\/\/yoast.com\/wordpress\/plugins\/seo\/ -->\n<title>Hakk\u0131mda - Yahya Uzun<\/title>\n<meta name=\"robots\" content=\"index, follow, max-snippet:-1, max-image-preview:large, max-video-preview:-1\" \/>\n<link rel=\"canonical\" href=\"http:\/\/www.yahyauzun.com\/index.php\/hakkimda\/\" \/>\n<meta property=\"og:locale\" content=\"tr_TR\" \/>\n<meta property=\"og:type\" content=\"article\" \/>\n<meta property=\"og:title\" content=\"Hakk\u0131mda - Yahya Uzun\" \/>\n<meta property=\"og:description\" content=\"YAHYA UZUN \u00a0 BORSA VE YATIRIM STRATEJ\u0130ST\u0130 Hakk\u0131mda \u00a0 1981 Siirt do\u011fumluyum. Lise e\u011fitimimi \u0130stanbul Cerrahpa\u015fa\u2019daki Davutpa\u015fa Lisesi\u2019nde, \u00fcniversite lisans e\u011fitimimi, Amerika Birle\u015fik Devletleri\u2019nin New York eyaletinde bulunan Berkeley College\u2019de, Uluslararas\u0131 \u0130\u015fletme (International Business) b\u00f6l\u00fcm\u00fcnde tamamlad\u0131m. E\u011fitimim s\u00fcresince ge\u00e7imimi sa\u011flamak i\u00e7in farkl\u0131 alanlarda bir\u00e7ok i\u015fte \u00e7al\u0131\u015ft\u0131m. 7 y\u0131ll\u0131k ABD ser\u00fcvenimin ard\u0131ndan 2011 y\u0131l\u0131nda T\u00fcrkiye\u2019ye d\u00f6nd\u00fcm.&hellip;\" \/>\n<meta property=\"og:url\" content=\"http:\/\/www.yahyauzun.com\/index.php\/hakkimda\/\" \/>\n<meta property=\"og:site_name\" content=\"Yahya Uzun\" \/>\n<meta property=\"article:modified_time\" content=\"2025-01-07T08:09:58+00:00\" \/>\n<meta name=\"twitter:card\" content=\"summary_large_image\" \/>\n<meta name=\"twitter:site\" content=\"@yahyauzun81\" \/>\n<meta name=\"twitter:label1\" content=\"Tahmini okuma s\u00fcresi\" \/>\n\t<meta name=\"twitter:data1\" content=\"1 dakika\" \/>\n<script type=\"application\/ld+json\" class=\"yoast-schema-graph\">{\"@context\":\"https:\/\/schema.org\",\"@graph\":[{\"@type\":\"WebPage\",\"@id\":\"http:\/\/www.yahyauzun.com\/index.php\/hakkimda\/\",\"url\":\"http:\/\/www.yahyauzun.com\/index.php\/hakkimda\/\",\"name\":\"Hakk\u0131mda - Yahya Uzun\",\"isPartOf\":{\"@id\":\"http:\/\/www.yahyauzun.com\/#website\"},\"datePublished\":\"2024-12-25T07:37:53+00:00\",\"dateModified\":\"2025-01-07T08:09:58+00:00\",\"breadcrumb\":{\"@id\":\"http:\/\/www.yahyauzun.com\/index.php\/hakkimda\/#breadcrumb\"},\"inLanguage\":\"tr\",\"potentialAction\":[{\"@type\":\"ReadAction\",\"target\":[\"http:\/\/www.yahyauzun.com\/index.php\/hakkimda\/\"]}]},{\"@type\":\"BreadcrumbList\",\"@id\":\"http:\/\/www.yahyauzun.com\/index.php\/hakkimda\/#breadcrumb\",\"itemListElement\":[{\"@type\":\"ListItem\",\"position\":1,\"name\":\"Anasayfa\",\"item\":\"http:\/\/www.yahyauzun.com\/\"},{\"@type\":\"ListItem\",\"position\":2,\"name\":\"Hakk\u0131mda\"}]},{\"@type\":\"WebSite\",\"@id\":\"http:\/\/www.yahyauzun.com\/#website\",\"url\":\"http:\/\/www.yahyauzun.com\/\",\"name\":\"Yahya Uzun \/ Yat\u0131r\u0131m Stratejisti\",\"description\":\"ABD Borsalar\u0131, Hisse Senetleri, Kripto Paralar ve Yat\u0131r\u0131m Stratejileri\",\"publisher\":{\"@id\":\"http:\/\/www.yahyauzun.com\/#\/schema\/person\/3f47fc1e42778e85407e83d4938e056b\"},\"potentialAction\":[{\"@type\":\"SearchAction\",\"target\":{\"@type\":\"EntryPoint\",\"urlTemplate\":\"http:\/\/www.yahyauzun.com\/?s={search_term_string}\"},\"query-input\":{\"@type\":\"PropertyValueSpecification\",\"valueRequired\":true,\"valueName\":\"search_term_string\"}}],\"inLanguage\":\"tr\"},{\"@type\":[\"Person\",\"Organization\"],\"@id\":\"http:\/\/www.yahyauzun.com\/#\/schema\/person\/3f47fc1e42778e85407e83d4938e056b\",\"name\":\"Yahya Uzun\",\"image\":{\"@type\":\"ImageObject\",\"inLanguage\":\"tr\",\"@id\":\"http:\/\/www.yahyauzun.com\/#\/schema\/person\/image\/\",\"url\":\"http:\/\/www.yahyauzun.com\/wp-content\/uploads\/2024\/12\/114.png\",\"contentUrl\":\"http:\/\/www.yahyauzun.com\/wp-content\/uploads\/2024\/12\/114.png\",\"width\":114,\"height\":114,\"caption\":\"Yahya Uzun\"},\"logo\":{\"@id\":\"http:\/\/www.yahyauzun.com\/#\/schema\/person\/image\/\"},\"description\":\"1981 Siirt do\u011fumluyum. Lise e\u011fitimimi \u0130stanbul Cerrahpa\u015fa\u2019daki Davutpa\u015fa Lisesi\u2019nde tamamlad\u0131m. \u00dcniversite lisans e\u011fitimimi Amerika Birle\u015fik Devletleri\u2019nin New York eyaletinde bulunan Berkeley College\u2019da, Uluslararas\u0131 \u0130\u015fletme (International Business) b\u00f6l\u00fcm\u00fcnde tamamlad\u0131m. 20 y\u0131l\u0131 a\u015fk\u0131n s\u00fcredir ABD borsalar\u0131nda i\u015flem g\u00f6ren (Nasdaq, NYSE, SP500, Dow Jones) hisse senetleri, de\u011ferli metaller ve kripto para varl\u0131klar\u0131 gibi yat\u0131r\u0131m ara\u00e7lar\u0131yla ilgili stratejiler belirliyor, finansal geli\u015fmelerle ilgili analizlerimi payla\u015f\u0131yorum.\",\"sameAs\":[\"http:\/\/www.yahyauzun.com\",\"yahya_uzun_1\",\"https:\/\/x.com\/yahyauzun81\"]}]}<\/script>\n<!-- \/ Yoast SEO plugin. -->","yoast_head_json":{"title":"Hakk\u0131mda - Yahya Uzun","robots":{"index":"index","follow":"follow","max-snippet":"max-snippet:-1","max-image-preview":"max-image-preview:large","max-video-preview":"max-video-preview:-1"},"canonical":"http:\/\/www.yahyauzun.com\/index.php\/hakkimda\/","og_locale":"tr_TR","og_type":"article","og_title":"Hakk\u0131mda - Yahya Uzun","og_description":"YAHYA UZUN \u00a0 BORSA VE YATIRIM STRATEJ\u0130ST\u0130 Hakk\u0131mda \u00a0 1981 Siirt do\u011fumluyum. Lise e\u011fitimimi \u0130stanbul Cerrahpa\u015fa\u2019daki Davutpa\u015fa Lisesi\u2019nde, \u00fcniversite lisans e\u011fitimimi, Amerika Birle\u015fik Devletleri\u2019nin New York eyaletinde bulunan Berkeley College\u2019de, Uluslararas\u0131 \u0130\u015fletme (International Business) b\u00f6l\u00fcm\u00fcnde tamamlad\u0131m. E\u011fitimim s\u00fcresince ge\u00e7imimi sa\u011flamak i\u00e7in farkl\u0131 alanlarda bir\u00e7ok i\u015fte \u00e7al\u0131\u015ft\u0131m. 7 y\u0131ll\u0131k ABD ser\u00fcvenimin ard\u0131ndan 2011 y\u0131l\u0131nda T\u00fcrkiye\u2019ye d\u00f6nd\u00fcm.&hellip;","og_url":"http:\/\/www.yahyauzun.com\/index.php\/hakkimda\/","og_site_name":"Yahya Uzun","article_modified_time":"2025-01-07T08:09:58+00:00","twitter_card":"summary_large_image","twitter_site":"@yahyauzun81","twitter_misc":{"Tahmini okuma s\u00fcresi":"1 dakika"},"schema":{"@context":"https:\/\/schema.org","@graph":[{"@type":"WebPage","@id":"http:\/\/www.yahyauzun.com\/index.php\/hakkimda\/","url":"http:\/\/www.yahyauzun.com\/index.php\/hakkimda\/","name":"Hakk\u0131mda - Yahya Uzun","isPartOf":{"@id":"http:\/\/www.yahyauzun.com\/#website"},"datePublished":"2024-12-25T07:37:53+00:00","dateModified":"2025-01-07T08:09:58+00:00","breadcrumb":{"@id":"http:\/\/www.yahyauzun.com\/index.php\/hakkimda\/#breadcrumb"},"inLanguage":"tr","potentialAction":[{"@type":"ReadAction","target":["http:\/\/www.yahyauzun.com\/index.php\/hakkimda\/"]}]},{"@type":"BreadcrumbList","@id":"http:\/\/www.yahyauzun.com\/index.php\/hakkimda\/#breadcrumb","itemListElement":[{"@type":"ListItem","position":1,"name":"Anasayfa","item":"http:\/\/www.yahyauzun.com\/"},{"@type":"ListItem","position":2,"name":"Hakk\u0131mda"}]},{"@type":"WebSite","@id":"http:\/\/www.yahyauzun.com\/#website","url":"http:\/\/www.yahyauzun.com\/","name":"Yahya Uzun \/ Yat\u0131r\u0131m Stratejisti","description":"ABD Borsalar\u0131, Hisse Senetleri, Kripto Paralar ve Yat\u0131r\u0131m Stratejileri","publisher":{"@id":"http:\/\/www.yahyauzun.com\/#\/schema\/person\/3f47fc1e42778e85407e83d4938e056b"},"potentialAction":[{"@type":"SearchAction","target":{"@type":"EntryPoint","urlTemplate":"http:\/\/www.yahyauzun.com\/?s={search_term_string}"},"query-input":{"@type":"PropertyValueSpecification","valueRequired":true,"valueName":"search_term_string"}}],"inLanguage":"tr"},{"@type":["Person","Organization"],"@id":"http:\/\/www.yahyauzun.com\/#\/schema\/person\/3f47fc1e42778e85407e83d4938e056b","name":"Yahya Uzun","image":{"@type":"ImageObject","inLanguage":"tr","@id":"http:\/\/www.yahyauzun.com\/#\/schema\/person\/image\/","url":"http:\/\/www.yahyauzun.com\/wp-content\/uploads\/2024\/12\/114.png","contentUrl":"http:\/\/www.yahyauzun.com\/wp-content\/uploads\/2024\/12\/114.png","width":114,"height":114,"caption":"Yahya Uzun"},"logo":{"@id":"http:\/\/www.yahyauzun.com\/#\/schema\/person\/image\/"},"description":"1981 Siirt do\u011fumluyum. Lise e\u011fitimimi \u0130stanbul Cerrahpa\u015fa\u2019daki Davutpa\u015fa Lisesi\u2019nde tamamlad\u0131m. \u00dcniversite lisans e\u011fitimimi Amerika Birle\u015fik Devletleri\u2019nin New York eyaletinde bulunan Berkeley College\u2019da, Uluslararas\u0131 \u0130\u015fletme (International Business) b\u00f6l\u00fcm\u00fcnde tamamlad\u0131m. 20 y\u0131l\u0131 a\u015fk\u0131n s\u00fcredir ABD borsalar\u0131nda i\u015flem g\u00f6ren (Nasdaq, NYSE, SP500, Dow Jones) hisse senetleri, de\u011ferli metaller ve kripto para varl\u0131klar\u0131 gibi yat\u0131r\u0131m ara\u00e7lar\u0131yla ilgili stratejiler belirliyor, finansal geli\u015fmelerle ilgili analizlerimi payla\u015f\u0131yorum.","sameAs":["http:\/\/www.yahyauzun.com","yahya_uzun_1","https:\/\/x.com\/yahyauzun81"]}]}},"_links":{"self":[{"href":"https:\/\/www.yahyauzun.com\/index.php\/wp-json\/wp\/v2\/pages\/40","targetHints":{"allow":["GET"]}}],"collection":[{"href":"https:\/\/www.yahyauzun.com\/index.php\/wp-json\/wp\/v2\/pages"}],"about":[{"href":"https:\/\/www.yahyauzun.com\/index.php\/wp-json\/wp\/v2\/types\/page"}],"author":[{"embeddable":true,"href":"https:\/\/www.yahyauzun.com\/index.php\/wp-json\/wp\/v2\/users\/1"}],"replies":[{"embeddable":true,"href":"https:\/\/www.yahyauzun.com\/index.php\/wp-json\/wp\/v2\/comments?post=40"}],"version-history":[{"count":22,"href":"https:\/\/www.yahyauzun.com\/index.php\/wp-json\/wp\/v2\/pages\/40\/revisions"}],"predecessor-version":[{"id":343,"href":"https:\/\/www.yahyauzun.com\/index.php\/wp-json\/wp\/v2\/pages\/40\/revisions\/343"}],"wp:attachment":[{"href":"https:\/\/www.yahyauzun.com\/index.php\/wp-json\/wp\/v2\/media?parent=40"}],"curies":[{"name":"wp","href":"https:\/\/api.w.org\/{rel}","templated":true}]}}